{"id":1327,"date":"2026-04-13T13:10:29","date_gmt":"2026-04-13T11:10:29","guid":{"rendered":"https:\/\/jec2026.com\/?page_id=1327"},"modified":"2026-04-14T16:03:54","modified_gmt":"2026-04-14T14:03:54","slug":"afari-soziala-eta-itxiera-festa","status":"publish","type":"page","link":"https:\/\/jec2026.com\/eu\/afari-soziala-eta-itxiera-festa\/","title":{"rendered":"Afari soziala eta itxiera-festa"},"content":{"rendered":"<section class=\"l-section wpb_row height_medium\"><div class=\"l-section-h i-cf\"><div class=\"g-cols vc_row via_grid cols_1 laptops-cols_inherit tablets-cols_inherit mobiles-cols_1 valign_top type_default stacking_default\"><div class=\"wpb_column vc_column_container\"><div class=\"vc_column-inner\"><div class=\"wpb_text_column\"><div class=\"wpb_wrapper\"><h1>AFARI SOZIALA ETA ITXIERA-FESTA<\/h1>\n<\/div><\/div><div class=\"w-separator size_medium\"><\/div><div class=\"g-cols wpb_row via_grid cols_4-1 laptops-cols_inherit tablets-cols_inherit mobiles-cols_1 valign_top type_default reversed stacking_default\" style=\"--columns-gap:3rem;\"><div class=\"wpb_column vc_column_container\"><div class=\"vc_column-inner\"><div class=\"wpb_text_column\"><div class=\"wpb_wrapper\"><h2>Ekainaren 11ko afari sozialera eta ekainaren 12ko itxiera-ekitaldira eman ezazu izena! <\/h2>\n<p>Izena emateko epea: 2026ko maiatzaren 30a<\/p>\n<p>Kongresuaren ekintza zientifikoez gain, JEC2026k barne hartzen ditu afari soziala ekainaren 11, ostegunean, eta itxiera-ekitaldi ludikoa ekainaren 12, ostiralean. Jarraian, ekitaldi bakoitzari buruzko informazioa ematen dizugu, baita ekitaldi batean edo bietan izena emateko aukera ere, nahi duzunaren arabera. <\/p>\n<\/div><\/div><\/div><\/div><div class=\"wpb_column vc_column_container\"><div class=\"vc_column-inner\"><div class=\"w-vwrapper us_custom_ca597f85 align_center valign_top\" style=\"--vwrapper-gap:0rem\"><div class=\"wpb_text_column\"><div class=\"wpb_wrapper\"><p><strong>IZENA EMATEKO EPEA<\/strong><\/p>\n<\/div><\/div><div class=\"w-counter color_primary align_none\" data-duration=\"2\"><div class=\"w-counter-value\"><span class=\"w-counter-value-part type_text\" data-final=\"\"><\/span><span class=\"w-counter-value-part type_number\" data-final=\"30\">30<\/span><span class=\"w-counter-value-part type_text\" data-final=\"a\">a<\/span><\/div><p class=\"w-counter-title\" style=\"font-weight:600;\">2026ko maiatzaren<\/p><\/div><\/div><\/div><\/div><\/div><div class=\"w-separator size_large\"><\/div><div class=\"g-cols wpb_row via_grid cols_4-1 laptops-cols_inherit tablets-cols_inherit mobiles-cols_1 valign_top type_default stacking_default\" style=\"--columns-gap:3rem;\"><div class=\"wpb_column vc_column_container\"><div class=\"vc_column-inner\"><div class=\"wpb_text_column\"><div class=\"wpb_wrapper\">\n<div class=\"wpcf7 no-js\" id=\"wpcf7-f1331-o1\" lang=\"es-ES\" dir=\"ltr\" data-wpcf7-id=\"1331\">\n<div class=\"screen-reader-response\"><p role=\"status\" aria-live=\"polite\" aria-atomic=\"true\"><\/p> <ul><\/ul><\/div>\n<form action=\"\/eu\/wp-json\/wp\/v2\/pages\/1327#wpcf7-f1331-o1\" method=\"post\" class=\"wpcf7-form init\" aria-label=\"Formulario de contacto\" novalidate=\"novalidate\" data-status=\"init\">\n<fieldset class=\"hidden-fields-container\"><input type=\"hidden\" name=\"_wpcf7\" value=\"1331\" \/><input type=\"hidden\" name=\"_wpcf7_version\" value=\"6.1.4\" \/><input type=\"hidden\" name=\"_wpcf7_locale\" value=\"es_ES\" \/><input type=\"hidden\" name=\"_wpcf7_unit_tag\" value=\"wpcf7-f1331-o1\" \/><input type=\"hidden\" name=\"_wpcf7_container_post\" value=\"0\" \/><input type=\"hidden\" name=\"_wpcf7_posted_data_hash\" value=\"\" \/><input type=\"hidden\" name=\"_wpcf7_recaptcha_response\" value=\"\" \/>\n<\/fieldset>\n<div class=\"g-cols wpb_row via_grid cols_custom laptops-cols_inherit tablets-cols_inherit mobiles-cols_1 valign_top type_default stacking_default\" style=\"--columns-gap:0.5rem 1rem;--custom-columns:3fr 3fr \">\n\t<div class=\"wpb_column vc_column_container\">\n\t\t<div class=\"vc_column-inner\">\n\t\t\t<p><label> Izena *<br \/>\n<span class=\"wpcf7-form-control-wrap\" data-name=\"nombre\"><input size=\"40\" maxlength=\"400\" class=\"wpcf7-form-control wpcf7-text wpcf7-validates-as-required\" aria-required=\"true\" aria-invalid=\"false\" placeholder=\"Izena\" value=\"\" type=\"text\" name=\"nombre\" \/><\/span><br \/>\n<\/label>\n\t\t\t<\/p>\n\t\t<\/div>\n\t<\/div>\n\t<div class=\"wpb_column vc_column_container\">\n\t\t<div class=\"vc_column-inner\">\n\t\t\t<p><label> Abizenak *<br \/>\n<span class=\"wpcf7-form-control-wrap\" data-name=\"apellidos\"><input size=\"40\" maxlength=\"400\" class=\"wpcf7-form-control wpcf7-text wpcf7-validates-as-required\" aria-required=\"true\" aria-invalid=\"false\" placeholder=\"Abizenak\" value=\"\" type=\"text\" name=\"apellidos\" \/><\/span><br \/>\n<\/label>\n\t\t\t<\/p>\n\t\t<\/div>\n\t<\/div>\n\t<div class=\"wpb_column vc_column_container\">\n\t\t<div class=\"vc_column-inner\">\n\t\t\t<p><label> NAN\/Pasaportea *<br \/>\n<span class=\"wpcf7-form-control-wrap\" data-name=\"documento\"><input size=\"40\" maxlength=\"400\" class=\"wpcf7-form-control wpcf7-text wpcf7-validates-as-required\" aria-required=\"true\" aria-invalid=\"false\" placeholder=\"NAN\/Pasaportea\" value=\"\" type=\"text\" name=\"documento\" \/><\/span><br \/>\n<\/label>\n\t\t\t<\/p>\n\t\t<\/div>\n\t<\/div>\n\t<div class=\"wpb_column vc_column_container\">\n\t\t<div class=\"vc_column-inner\">\n\t\t\t<p><label> Afiliazio *<br \/>\n<span class=\"wpcf7-form-control-wrap\" data-name=\"afiliacion\"><input size=\"40\" maxlength=\"400\" class=\"wpcf7-form-control wpcf7-text wpcf7-validates-as-required\" aria-required=\"true\" aria-invalid=\"false\" placeholder=\"Afiliazio\" value=\"\" type=\"text\" name=\"afiliacion\" \/><\/span><br \/>\n<\/label>\n\t\t\t<\/p>\n\t\t<\/div>\n\t<\/div>\n\t<div class=\"wpb_column vc_column_container\">\n\t\t<div class=\"vc_column-inner\">\n\t\t\t<p><label> Helbide elektronikoa *<br \/>\n<span class=\"wpcf7-form-control-wrap\" data-name=\"email\"><input size=\"40\" maxlength=\"400\" class=\"wpcf7-form-control wpcf7-email wpcf7-validates-as-required wpcf7-text wpcf7-validates-as-email\" aria-required=\"true\" aria-invalid=\"false\" placeholder=\"Helbide elektronikoa\" value=\"\" type=\"email\" name=\"email\" \/><\/span><br \/>\n<\/label>\n\t\t\t<\/p>\n\t\t<\/div>\n\t<\/div>\n\t<div class=\"wpb_column vc_column_container\">\n\t\t<div class=\"vc_column-inner\">\n\t\t\t<p><label> Telefonoa *<br \/>\n<span class=\"wpcf7-form-control-wrap\" data-name=\"telefono\"><input size=\"40\" maxlength=\"400\" class=\"wpcf7-form-control wpcf7-text wpcf7-validates-as-required\" aria-required=\"true\" aria-invalid=\"false\" placeholder=\"Telefonoa\" value=\"\" type=\"text\" name=\"telefono\" \/><\/span><br \/>\n<\/label>\n\t\t\t<\/p>\n\t\t<\/div>\n\t<\/div>\n<\/div>\n<p><label> Helbidea (faktura egiteko) *<br \/>\n<span class=\"wpcf7-form-control-wrap\" data-name=\"direccion\"><textarea cols=\"40\" rows=\"10\" maxlength=\"2000\" class=\"wpcf7-form-control wpcf7-textarea wpcf7-validates-as-required\" aria-required=\"true\" aria-invalid=\"false\" name=\"direccion\"><\/textarea><\/span><br \/>\n<\/label>\n<\/p>\n<h3>Ekainaren 11: Ekonomia Kritikoko 2026 Jardunaldien AFARI SOZIALA\n<\/h3>\n<p>JEC-en afari soziala, ekainaren 11, ostegunean, 21etatik aurrera izango da NH Villa de Bilbaon (Gran V\u00eda Don Diego Lopez de Haro, 87. zk.), Bilboko erdigunean.\n<\/p>\n<p>Banakako kostua 40\u20ac da.\n<\/p>\n<div class=\"g-cols wpb_row via_grid cols_custom laptops-cols_inherit tablets-cols_inherit mobiles-cols_1 valign_top type_default stacking_default\" style=\"--columns-gap:0.5rem 1rem;--custom-columns:3fr 3fr; font-size:0.9rem!important; \">\n\t<div class=\"wpb_column vc_column_container\">\n\t\t<div class=\"vc_column-inner\">\n\t\t\t<p style=\"margin:0; font-weight:bold;\">ARRAIN MENUA\n\t\t\t<\/p>\n\t\t\t<ul style=\"margin:0; padding-right:2rem;\">\n\t\t\t\t<li>\n\t\t\t\t\t<p>Lehena: Perretxiko-risottoa barazki salteatuekin eta Idiazabal gazta-txirrinduekin\n\t\t\t\t\t<\/p>\n\t\t\t\t<\/li>\n\t\t\t\t<li>\n\t\t\t\t\t<p>Bigarrena: Doradaren bizkarra labean, espinaka-gisatua eta \u00f1oquiekin\n\t\t\t\t\t<\/p>\n\t\t\t\t<\/li>\n\t\t\t\t<li>\n\t\t\t\t\t<p>Postrea: Hojaldrea bainila-kremarekin eta karamelu-izozkiarekin\n\t\t\t\t\t<\/p>\n\t\t\t\t<\/li>\n\t\t\t\t<li>\n\t\t\t\t\t<p>Gainera: Ur minerala, ardo gorria edo zuria \u201cNuviana\u201d eta kafea\n\t\t\t\t\t<\/p>\n\t\t\t\t<\/li>\n\t\t\t<\/ul>\n\t\t<\/div>\n\t<\/div>\n\t<div class=\"wpb_column vc_column_container\">\n\t\t<div class=\"vc_column-inner\">\n\t\t\t<p style=\"margin:0; font-weight:bold;\">MENU BEGETARIANOA\n\t\t\t<\/p>\n\t\t\t<ul style=\"margin:0; padding-right:2rem;\">\n\t\t\t\t<li>\n\t\t\t\t\t<p>Lehena: Perretxiko-arroz krematsua kalabazaren fonduearekin\n\t\t\t\t\t<\/p>\n\t\t\t\t<\/li>\n\t\t\t\t<li>\n\t\t\t\t\t<p>Bigarrena: Sasoiko barazkiak salteaturik arrautzarekin\n\t\t\t\t\t<\/p>\n\t\t\t\t<\/li>\n\t\t\t\t<li>\n\t\t\t\t\t<p>Postrea: Fruta-entsalada\n\t\t\t\t\t<\/p>\n\t\t\t\t<\/li>\n\t\t\t\t<li>\n\t\t\t\t\t<p>Gainera: Ur minerala, ardo gorria edo zuria \u201cNuviana\u201d eta kafea\n\t\t\t\t\t<\/p>\n\t\t\t\t<\/li>\n\t\t\t<\/ul>\n\t\t<\/div>\n\t<\/div>\n<\/div>\n<p>&nbsp;\n<\/p>\n<p>Parte hartuko baduzu, aukeratu bi aukeren artean:\n<\/p>\n<fieldset data-role='menugrupo'>\n\t<p><span class=\"wpcf7-form-control-wrap\" data-name=\"menu\"><span class=\"wpcf7-form-control wpcf7-radio\"><span class=\"wpcf7-list-item first\"><input type=\"radio\" name=\"menu\" value=\"Ez naiz joango\" \/><span class=\"wpcf7-list-item-label\">Ez naiz joango<\/span><\/span><span class=\"wpcf7-list-item\"><input type=\"radio\" name=\"menu\" value=\"Arrain-menua: 40,00 \u20ac\" \/><span class=\"wpcf7-list-item-label\">Arrain-menua: 40,00 \u20ac<\/span><\/span><span class=\"wpcf7-list-item last\"><input type=\"radio\" name=\"menu\" value=\"Menu Begetarianoa: 40,00 \u20ac\" \/><span class=\"wpcf7-list-item-label\">Menu Begetarianoa: 40,00 \u20ac<\/span><\/span><\/span><\/span>\n\t<\/p>\n<\/fieldset>\n<h3>Ekainaren 12: ITXIERA-FESTA\n<\/h3>\n<p>Ostiralean 21etatik aurrera HIKA ATENEOn elkartuko gara (<a href=\"https:\/\/www.google.com\/maps\/place\/data=!4m2!3m1!1s0xd4e4fcb5fdfd16b:0x911979bf1c6198a6?sa=X&amp;ved=1t:8290&amp;ictx=111\">Eskola Zumarkalea, 1, Ibaiondo, 48006 Bilbao, Bizkaia<\/a>), Erribera Merkatuaren ondoan.\n<\/p>\n<p>Edari eta pintxoen salmenta izango da, eta Tiki Boom (Mexiko, Bilbao) eta Golden Veneno (Barakaldo) DJ-ak izango ditugu.\n<\/p>\n<fieldset data-role='fiestagrupo'>\n\t<p><span class=\"wpcf7-form-control-wrap\" data-name=\"fiesta\"><span class=\"wpcf7-form-control wpcf7-checkbox\"><span class=\"wpcf7-list-item first last\"><input type=\"checkbox\" name=\"fiesta[]\" value=\"Izena eman nahi dut: 10,00 \u20ac\" \/><span class=\"wpcf7-list-item-label\">Izena eman nahi dut: 10,00 \u20ac<\/span><\/span><\/span><\/span>\n\t<\/p>\n<\/fieldset>\n<input class=\"wpcf7-form-control wpcf7-hidden\" id=\"menu-val\" value=\"\" type=\"hidden\" name=\"menu-val\" \/>\n<input class=\"wpcf7-form-control wpcf7-hidden\" id=\"fiesta-val\" value=\"\" type=\"hidden\" name=\"fiesta-val\" \/>\n<input class=\"wpcf7-form-control wpcf7-hidden\" id=\"totalc-cost\" value=\"\" type=\"hidden\" name=\"totalc-cost\" \/>\n<hr \/>\n<h4>TOTALA: <span id=\"totalc\">0<\/span>,00 \u20ac\n<\/h4>\n<hr \/>\n<p>Izena emateko prozesua amaitzeko:\n<\/p>\n<ul>\n\t<li>\n\t\t<p>Behean adierazitako zenbatekoaren transferentzia egin beharko duzu kontu-zenbaki honetara, kontzeptuan honako hau adieraziz: \u2018ZUREHIZENA ZUREABIZENAK CENA SOCIAL\u2019.<br \/>\n- IBAN: ES56 1491 0001 2921 5271 5922<br \/>\n- SWIFT kodea: TRIOESMMXXX<br \/>\n- Titularra: Asociaci\u00f3n de Econom\u00eda Cr\u00edtica\n\t\t<\/p>\n\t<\/li>\n\t<li>\n\t\t<p>Bidali frogagiria jec2026@ehu.eus helbidera, transferentzian erabili duzun kontzeptu bera jarriz mezu elektronikoaren gaiarekin: \u2018ZUREHIZENA ZUREABIZENAK CENA SOCIAL\u2019\n\t\t<\/p>\n\t<\/li>\n<\/ul>\n<p><input class=\"wpcf7-form-control wpcf7-submit has-spinner\" type=\"submit\" value=\"Bidali\" \/>\n<\/p><div class=\"wpcf7-response-output\" aria-hidden=\"true\"><\/div>\n<\/form>\n<\/div>\n\n<\/div><\/div><\/div><\/div><div class=\"wpb_column vc_column_container\"><div class=\"vc_column-inner\"><\/div><\/div><\/div><\/div><\/div><\/div><\/div><\/section>\n","protected":false},"excerpt":{"rendered":"AFARI SOZIALA ETA ITXIERA-FESTA Ekainaren 11ko afari sozialera eta ekainaren 12ko itxiera-ekitaldira eman ezazu izena! Izena emateko epea: 2026ko maiatzaren 30a Kongresuaren ekintza zientifikoez gain, JEC2026k barne hartzen ditu afari soziala ekainaren 11, ostegunean, eta itxiera-ekitaldi ludikoa ekainaren 12, ostiralean. Jarraian, ekitaldi bakoitzari buruzko informazioa ematen dizugu, baita ekitaldi batean edo bietan izena emateko aukera...","protected":false},"author":1,"featured_media":0,"parent":0,"menu_order":0,"comment_status":"closed","ping_status":"closed","template":"","meta":{"footnotes":""},"class_list":["post-1327","page","type-page","status-publish","hentry"],"_links":{"self":[{"href":"https:\/\/jec2026.com\/eu\/wp-json\/wp\/v2\/pages\/1327","targetHints":{"allow":["GET"]}}],"collection":[{"href":"https:\/\/jec2026.com\/eu\/wp-json\/wp\/v2\/pages"}],"about":[{"href":"https:\/\/jec2026.com\/eu\/wp-json\/wp\/v2\/types\/page"}],"author":[{"embeddable":true,"href":"https:\/\/jec2026.com\/eu\/wp-json\/wp\/v2\/users\/1"}],"replies":[{"embeddable":true,"href":"https:\/\/jec2026.com\/eu\/wp-json\/wp\/v2\/comments?post=1327"}],"version-history":[{"count":3,"href":"https:\/\/jec2026.com\/eu\/wp-json\/wp\/v2\/pages\/1327\/revisions"}],"predecessor-version":[{"id":1335,"href":"https:\/\/jec2026.com\/eu\/wp-json\/wp\/v2\/pages\/1327\/revisions\/1335"}],"wp:attachment":[{"href":"https:\/\/jec2026.com\/eu\/wp-json\/wp\/v2\/media?parent=1327"}],"curies":[{"name":"wp","href":"https:\/\/api.w.org\/{rel}","templated":true}]}}