{"id":215,"date":"2025-11-12T18:40:31","date_gmt":"2025-11-12T17:40:31","guid":{"rendered":"https:\/\/jec2026.com\/?page_id=215"},"modified":"2026-04-01T10:09:34","modified_gmt":"2026-04-01T08:09:34","slug":"committees","status":"publish","type":"page","link":"https:\/\/jec2026.com\/en\/committees\/","title":{"rendered":"Committees"},"content":{"rendered":"<section class=\"l-section wpb_row height_medium full_height valign_top\"><div class=\"l-section-h i-cf\"><div class=\"g-cols vc_row via_grid cols_1 laptops-cols_inherit tablets-cols_inherit mobiles-cols_1 valign_top type_default stacking_default\"><div class=\"wpb_column vc_column_container\"><div class=\"vc_column-inner\"><div class=\"wpb_text_column\"><div class=\"wpb_wrapper\"><h1 style=\"text-align: center;\">Committees<\/h1>\n<\/div><\/div><div class=\"w-separator size_medium\"><\/div><div class=\"g-cols wpb_row via_grid cols_1-4-1 laptops-cols_inherit tablets-cols_inherit mobiles-cols_1 valign_top type_default stacking_default\" style=\"--columns-gap:3rem;\"><div class=\"wpb_column vc_column_container\"><div class=\"vc_column-inner\"><\/div><\/div><div class=\"wpb_column vc_column_container\"><div class=\"vc_column-inner\"><div class=\"w-tabs layout_hor style_radio3 switch_click has_scrolling remove_indents\" style=\"--sections-title-size:1.2rem\"><div class=\"w-tabs-list items_2 align_justify\"><div class=\"w-tabs-list-h\"><button class=\"w-tabs-item active defined-active\" aria-controls=\"content-n3e4\" aria-expanded=\"true\"><span class=\"w-tabs-item-title\">Scientific comittee<\/span><\/button><button class=\"w-tabs-item\" aria-controls=\"content-eba8\" aria-expanded=\"false\"><span class=\"w-tabs-item-title\">Local comittee<\/span><\/button><\/div><\/div><div class=\"w-tabs-sections titles-align_none icon_plus cpos_right\"><div class=\"w-tabs-section no_indents active\" id=\"n3e4\"><button class=\"w-tabs-section-header active\" aria-controls=\"content-n3e4\" aria-expanded=\"true\"><h4 class=\"w-tabs-section-title\">Scientific comittee<\/h4><div class=\"w-tabs-section-control\"><\/div><\/button><div  class=\"w-tabs-section-content\" id=\"content-n3e4\"><div class=\"w-tabs-section-content-h i-cf\"><div class=\"wpb_text_column us_custom_620d572a\"><div class=\"wpb_wrapper\"><table border=\"0\" cellspacing=\"0\" cellpadding=\"0\">\n<tbody>\n<tr>\n<td width=\"50%\">Astrid Agenjo Calder\u00f3n<\/td>\n<td width=\"50%\">(Universidad de Sevilla)<\/td>\n<\/tr>\n<tr>\n<td>Nuria Alonso Gallo<\/td>\n<td>(Universidad Rey Juan Carlos)<\/td>\n<\/tr>\n<tr>\n<td>Santiago Alvarez Cantalapiedra<\/td>\n<td>(FUHEM)<\/td>\n<\/tr>\n<tr>\n<td>Mart\u00edn Arias-Loyola<\/td>\n<td>(Pontificia Universidad Cat\u00f3lica de Chile)<\/td>\n<\/tr>\n<tr>\n<td>Josep Banyuls Llopis<\/td>\n<td>(Universitat de Val\u00e8ncia)<\/td>\n<\/tr>\n<tr>\n<td>Lourdes Bener\u00eda i Farre<\/td>\n<td>(Cornell University)<\/td>\n<\/tr>\n<tr>\n<td>Bernadette Louise Halili<\/td>\n<td>(Universidad de Deusto)<\/td>\n<\/tr>\n<tr>\n<td>Luis Buend\u00eda Garc\u00eda<\/td>\n<td>(Universidad de Le\u00f3n)<\/td>\n<\/tr>\n<tr>\n<td>Al Campbell<\/td>\n<td>(University of Utah)<\/td>\n<\/tr>\n<tr>\n<td>\u00d3scar Carpintero<\/td>\n<td>(Universidad de Valladolid)<\/td>\n<\/tr>\n<tr>\n<td>Ignacio Cazcarro<\/td>\n<td>(Universidad de Zaragoza)<\/td>\n<\/tr>\n<tr>\n<td>Agust\u00ed Colom Cabau<\/td>\n<td>(Universitat de Barcelona)<\/td>\n<\/tr>\n<tr>\n<td>Corina Dengler<\/td>\n<td>(Institute for Spatial and Social-Ecological Transformations)<\/td>\n<\/tr>\n<tr>\n<td>Mari Luz de la Cal Barredo<\/td>\n<td>(HEGOA, Universidad del Pa\u00eds Vasco)<\/td>\n<\/tr>\n<tr>\n<td>Iker Etxano<\/td>\n<td>(Ekopol, Universidad del Pa\u00eds Vasco)<\/td>\n<\/tr>\n<tr>\n<td>Aitziber Etxezarreta Etxarri<\/td>\n<td>(GEZKI, Universidad del Pa\u00eds Vasco)<\/td>\n<\/tr>\n<tr>\n<td>Eladio Febrero Pa\u00f1os<\/td>\n<td>(Universidad Castilla-La Mancha)<\/td>\n<\/tr>\n<tr>\n<td>Jorge Garc\u00eda Arias<\/td>\n<td>(Universidad de Le\u00f3n)<\/td>\n<\/tr>\n<tr>\n<td>Sara Gonzalez<\/td>\n<td>(University of Leeds)<\/td>\n<\/tr>\n<tr>\n<td>\u00c1ngel M. Gonz\u00e1lez-Tablas<\/td>\n<td>(Universidad Complutense)<\/td>\n<\/tr>\n<tr>\n<td>Valeria Jim\u00e9nez<\/td>\n<td>(<span lang=\"ES\">Trinity College<\/span>)<\/td>\n<\/tr>\n<tr>\n<td>Yolanda Jubeto Ruiz<\/td>\n<td>(Universidad del Pa\u00eds Vasco)<\/td>\n<\/tr>\n<tr>\n<td>Ricardo Lobato Torres<\/td>\n<td>(Universidade Federal do Paran\u00e1)<\/td>\n<\/tr>\n<tr>\n<td>Aur\u00e8lia Ma\u00f1\u00e9<\/td>\n<td>(Universidad de Barcelona)<\/td>\n<\/tr>\n<tr>\n<td>Emilio Padilla Rosa<\/td>\n<td>(Universitat Aut\u00f2noma de Barcelona)<\/td>\n<\/tr>\n<tr>\n<td>Mar\u00eda Jos\u00e9 Paz Antol\u00edn<\/td>\n<td>(Universidad Complutense de Madrid)<\/td>\n<\/tr>\n<tr>\n<td>Jose Perez Montiel<\/td>\n<td>(Universitat de les Illes Balears)<\/td>\n<\/tr>\n<tr>\n<td>David P\u00e9rez Neira<\/td>\n<td>(Universidad de Le\u00f3n)<\/td>\n<\/tr>\n<tr>\n<td>Albert Recio Andreu<\/td>\n<td>(Universitat Aut\u00f2noma de Barcelona)<\/td>\n<\/tr>\n<tr>\n<td>Rosa Regueiro Ferreira<\/td>\n<td>(Universidad de Santiago de Compostela)<\/td>\n<\/tr>\n<tr>\n<td>Dolores Riveiro Garc\u00eda<\/td>\n<td>(Universidad de Santiago de Compostela)<\/td>\n<\/tr>\n<tr>\n<td>Jordi Roca Jusmet<\/td>\n<td>(Universidad de Barcelona)<\/td>\n<\/tr>\n<tr>\n<td>Paula Rodr\u00edguez Modro\u00f1o<\/td>\n<td>(Universidad Pablo de Olavide)<\/td>\n<\/tr>\n<tr>\n<td>M\u00aa \u00c1ngeles S\u00e1nchez Diez<\/td>\n<td>(Universidad Aut\u00f3noma de Madrid)<\/td>\n<\/tr>\n<tr>\n<td>Marta Soler Montiel<\/td>\n<td>(Universidad de Sevilla)<\/td>\n<\/tr>\n<tr>\n<td>Catalina Torres Figuerola<\/td>\n<td>(Universitat de les Illes Balears)<\/td>\n<\/tr>\n<tr>\n<td>Izaskun Zuazu-Bermejo<\/td>\n<td>(University of Duisburg-Essen)<\/td>\n<\/tr>\n<\/tbody>\n<\/table>\n<\/div><\/div><\/div><\/div><\/div><div class=\"w-tabs-section no_indents\" id=\"eba8\"><button class=\"w-tabs-section-header\" aria-controls=\"content-eba8\" aria-expanded=\"false\"><h4 class=\"w-tabs-section-title\">Local comittee<\/h4><div class=\"w-tabs-section-control\"><\/div><\/button><div  class=\"w-tabs-section-content\" id=\"content-eba8\"><div class=\"w-tabs-section-content-h i-cf\"><div class=\"wpb_text_column us_custom_057269b2\"><div class=\"wpb_wrapper\"><table border=\"0\" cellspacing=\"0\" cellpadding=\"0\">\n<tbody>\n<tr>\n<td width=\"50%\">I\u00f1igo Antepara<\/td>\n<td width=\"50%\">(Universidad del Pa\u00eds Vasco)<\/td>\n<\/tr>\n<tr>\n<td>Asier Arcos Alonso<\/td>\n<td>(Universidad del Pa\u00eds Vasco)<\/td>\n<\/tr>\n<tr>\n<td>Mikel Barba del Horno<\/td>\n<td>(Universidad del Pa\u00eds Vasco)<\/td>\n<\/tr>\n<tr>\n<td>Juan Barredo Zuriarrain<\/td>\n<td>(Universidad del Pa\u00eds Vasco)<\/td>\n<\/tr>\n<tr>\n<td>Eduardo Bidaurratzaga Aurre<\/td>\n<td>(Universidad del Pa\u00eds Vasco)<\/td>\n<\/tr>\n<tr>\n<td>Daniel Feliciano Cruz<\/td>\n<td>(Universidad del Pa\u00eds Vasco)<\/td>\n<\/tr>\n<tr>\n<td>Artitzar Erauskin<\/td>\n<td>(Universidad del Pa\u00eds Vasco)<\/td>\n<\/tr>\n<tr>\n<td>Itsaso Fern\u00e1ndez de la Cuadra Liesa<\/td>\n<td>(Universidad del Pa\u00eds Vasco)<\/td>\n<\/tr>\n<tr>\n<td>Xabier Gainza Barrencua<\/td>\n<td>(Universidad del Pa\u00eds Vasco)<\/td>\n<\/tr>\n<tr>\n<td>Amaia Garcia Azpuru<\/td>\n<td>(Universidad del Pa\u00eds Vasco)<\/td>\n<\/tr>\n<tr>\n<td>Yolanda Jubeto Ruiz<\/td>\n<td>(Universidad del Pa\u00eds Vasco)<\/td>\n<\/tr>\n<tr>\n<td>Jon Las Heras Cuenca<\/td>\n<td>(Universidad del Pa\u00eds Vasco)<\/td>\n<\/tr>\n<tr>\n<td>Marc Pablo Layant<\/td>\n<td>(Universidad Complutense de Madrid)<\/td>\n<\/tr>\n<tr>\n<td>Tania Mart\u00ednez Portugal<\/td>\n<td>(Universidad del Pa\u00eds Vasco)<\/td>\n<\/tr>\n<tr>\n<td>Elena Mart\u00ednez Tola<\/td>\n<td>(Universidad del Pa\u00eds Vasco)<\/td>\n<\/tr>\n<tr>\n<td>Amaia P\u00e9rez Orozco<\/td>\n<td>(Universidad del Pa\u00eds Vasco)<\/td>\n<\/tr>\n<tr>\n<td>Joseba Permach Mart\u00edn<\/td>\n<td>(Universidad del Pa\u00eds Vasco)<\/td>\n<\/tr>\n<tr>\n<td>Elisaa Sainz de Murieta<\/td>\n<td>(Universidad del Pa\u00eds Vasco)<\/td>\n<\/tr>\n<tr>\n<td>Patricia Solaun<\/td>\n<td>(ecosfron.org)<\/td>\n<\/tr>\n<tr>\n<td>Unai Villalba Eguiluz<\/td>\n<td>(Universidad del Pa\u00eds Vasco)<\/td>\n<\/tr>\n<tr>\n<td>Miguel Virizuela Cobo<\/td>\n<td>(Universidad del Pa\u00eds Vasco)<\/td>\n<\/tr>\n<tr>\n<td>Patxi Zabalo<\/td>\n<td>(Universidad del Pa\u00eds Vasco)<\/td>\n<\/tr>\n<tr>\n<td>Jon Bernat Zubiri Rey<\/td>\n<td>(Universidad del Pa\u00eds Vasco)<\/td>\n<\/tr>\n<\/tbody>\n<\/table>\n<\/div><\/div><\/div><\/div><\/div><\/div><\/div><\/div><\/div><div class=\"wpb_column vc_column_container\"><div class=\"vc_column-inner\"><\/div><\/div><\/div><\/div><\/div><\/div><\/div><\/section>\n","protected":false},"excerpt":{"rendered":"Committees Scientific comitteeLocal comitteeScientific comittee Astrid Agenjo Calder\u00f3n (Universidad de Sevilla) Nuria Alonso Gallo (Universidad Rey Juan Carlos) Santiago Alvarez Cantalapiedra (FUHEM) Mart\u00edn Arias-Loyola (Pontificia Universidad Cat\u00f3lica de Chile) Josep Banyuls Llopis (Universitat de Val\u00e8ncia) Lourdes Bener\u00eda i Farre (Cornell University) Bernadette Louise Halili (Universidad de Deusto) Luis Buend\u00eda Garc\u00eda (Universidad de Le\u00f3n) Al Campbell...","protected":false},"author":1,"featured_media":0,"parent":0,"menu_order":2,"comment_status":"closed","ping_status":"closed","template":"","meta":{"footnotes":""},"class_list":["post-215","page","type-page","status-publish","hentry"],"_links":{"self":[{"href":"https:\/\/jec2026.com\/en\/wp-json\/wp\/v2\/pages\/215","targetHints":{"allow":["GET"]}}],"collection":[{"href":"https:\/\/jec2026.com\/en\/wp-json\/wp\/v2\/pages"}],"about":[{"href":"https:\/\/jec2026.com\/en\/wp-json\/wp\/v2\/types\/page"}],"author":[{"embeddable":true,"href":"https:\/\/jec2026.com\/en\/wp-json\/wp\/v2\/users\/1"}],"replies":[{"embeddable":true,"href":"https:\/\/jec2026.com\/en\/wp-json\/wp\/v2\/comments?post=215"}],"version-history":[{"count":14,"href":"https:\/\/jec2026.com\/en\/wp-json\/wp\/v2\/pages\/215\/revisions"}],"predecessor-version":[{"id":1273,"href":"https:\/\/jec2026.com\/en\/wp-json\/wp\/v2\/pages\/215\/revisions\/1273"}],"wp:attachment":[{"href":"https:\/\/jec2026.com\/en\/wp-json\/wp\/v2\/media?parent=215"}],"curies":[{"name":"wp","href":"https:\/\/api.w.org\/{rel}","templated":true}]}}